{"id":16,"date":"2022-12-12T18:15:00","date_gmt":"2022-12-12T18:15:00","guid":{"rendered":"https:\/\/silpalab.it\/?page_id=16"},"modified":"2024-01-16T12:13:57","modified_gmt":"2024-01-16T12:13:57","slug":"statuto-scopi-organi","status":"publish","type":"page","link":"https:\/\/silpalab.it\/?page_id=16","title":{"rendered":""},"content":{"rendered":"\n<p><\/p>\n\n\n\n<h2 class=\"wp-block-heading has-text-align-center\">STATUTO DELL&#8217;ASSOCIAZIONE<\/h2>\n\n\n\n<h2 class=\"wp-block-heading has-text-align-center\">&#8220;SOCIETA&#8217; ITALIANA LABORATORI PEDOLOGICI E AGROCHIMICI&#8221;<\/h2>\n\n\n\n<h2 class=\"wp-block-heading has-text-align-center\">( S.I.L.P.A.)<\/h2>\n\n\n\n<div style=\"height:21px\" aria-hidden=\"true\" class=\"wp-block-spacer\"><\/div>\n\n\n\n<p class=\"has-text-align-center\"><strong>ARTICOLO l<\/strong><\/p>\n\n\n\n<left><p><b>Denominazione e sede<\/b><br><br>\nE\u2019 costituita l\u2019Associazione Scientifica denominata \u201cSociet\u00e0 Italiana Laboratori Pedologici e Agrochimici&#8221; (S.I.L.P.A.) con sede a Ravenna presso ARPAE Sezione Provinciale Via Alberoni, 17. <br>\nL&#8217;associazione non ha scopi di lucro.<br>\nLa durata dell&#8217;Associazione \u00e8 illimitata.<\/p><\/left>\n\n\n\n<p class=\"has-text-align-center\"><strong>ARTICOLO 2<\/strong><\/p>\n\n\n\n<left><p><b>Scopi sociali<\/b><br><br>Gli scopi dell&#8217;associazione sono:<br>\na) promuovere e diffondere in Italia le conoscenze relative al settore agrochimico e pedologico; <br>\nb) facilitare lo scambio di informazioni ed esperienze e promuovere la discussione sugli argomenti inerenti la ricerca e l\u2019organizzazione di servizi nel settore agrochimico e pedologico; <br>\nc) rendere confrontabili i dati ottenuti nelle diverse realt\u00e0 territoriali , attraverso l&#8217;organizzazione di circuiti interlaboratorio, la standardizzazione delle metodiche e lo studio delle relative correlazioni;<br>\nd) eseguire programmi comuni di ricerca e sperimentazione al fine \u00d2 ottimizzare le conoscenze acquisite da ciascun associato e razionalizzare la spesa; <br>\ne) organizzare riunioni scientifiche a livello nazionale ed internazionale;\n<br>\nf) stabilire rapporti di collaborazione con altre societ\u00e0 scientifiche nazionali;\n<br>\ng) collaborare con le societ\u00e0 scientifiche di altre Nazioni e con gli organismi internazionali che svolgono attivit\u00e0 nel settore agrochimico e pedologico o di altri settori affini;\n<br>\nh) collaborare con gli enti locali e\/o organismi statali per l&#8217;elaborazione delle politiche di settore. <br>\ni) collaborare con gli enti locali e con gli organismi statali nazionali per l&#8217;elaborazione delle politiche di settore;<br>\nPer raggiungere questi scopi l&#8217;Associazione si avvarr\u00e0 di tutti quei mezzi che gli organi sociali\nriterranno opportuni.<\/p><\/left>\n\n\n\n<div style=\"height:21px\" aria-hidden=\"true\" class=\"wp-block-spacer\"><\/div>\n\n\n\n<p class=\"has-text-align-center\"><strong>ARTICOLO 3<\/strong><\/p>\n\n\n\n<left><p><b>I Soci<\/b><br><br>I Soci\nAll\u2019Associazione possono aderire quanti lo desiderano a condizione che accettino e condividano gli scopi dell\u2019Associazione. <br>\nSono soci le persone fisiche\/giuridiche, associazioni, organizzazioni o enti la cui domanda di ammissione sia stata accettata dal Consiglio Direttivo e che abbiano versato la quota associativa annualmente stabilita dall\u2019assemblea.<br>\n\nSono equiparati agli ordinari anche i soci onorari di cui all&#8217;Art.9 \n\nTutti i soci hanno i medesimi diritti e doveri.<br>\nL&#8217;associazione si avvale prevalentemente delle attivit\u00e0 prestate in forma gratuita dei propri associati; in caso di particolare necessit\u00e0 pu\u00f2 assumere lavoratori dipendenti o avvalersi di prestazioni di lavoro autonomo, anche ricorrendo a propri associati.\n<\/p><\/left>\n\n\n\n<div style=\"height:21px\" aria-hidden=\"true\" class=\"wp-block-spacer\"><\/div>\n\n\n\n<p class=\"has-text-align-center\"><strong>ARTICOLO 4<\/strong><\/p>\n\n\n\n<left><p><b>Obblighi dei soci<\/b><br><br>I soci hanno diritto:<br>\n1) ad essere informati di tutte quelle attivit\u00e0 ed iniziative svolte dall&#8217;Associazione;<br>\n2) di partecipare alle assemblee con diritto di voto;<br>\n3) a recedere dall&#8217;iscrizione all&#8217;Associazione stessa<br>\n4) ad accedere alle cariche associative;<br>\n5) a partecipare alla vita associativa, alle manifestazioni promosse dall&#8217;Associazione ed a frequentare i locali dell&#8217;associazione stessa.<br><br>\nI soci hanno il dovere:<br>\n1) di rispettare e far rispettare le norme del presente statuto, eventuali regolamenti interni e le<br>\ndeliberazioni legalmente adottate;<br>\n2) di versare le quote sociali nell&#8217;ammontare stabilito;<br>\n3) garantire le prestazioni concordate.\nI soci non possono vantare alcun diritto nei confronti del fondo comune n\u00e9 di altri cespiti di\npropriet\u00e0 dell&#8217;associazione;\nI soci recessi o esclusi non hanno diritto alla restituzione della quota associativa versata.\nLe quote sono intrasmissibili anche in caso di morte e non rivalutabili.\n\n<\/p><\/left>\n\n\n\n<div style=\"height:21px\" aria-hidden=\"true\" class=\"wp-block-spacer\"><\/div>\n\n\n\n<p class=\"has-text-align-center\"><strong>ARTICOLO 5<\/strong><\/p>\n\n\n\n<left><p><b>Criteri di ammissione dei soci<\/b><br><br>L&#8217;ammissione a socio \u00e8 subordinata alla presentazione di richiesta formale sottoscritta dall&#8217;interessato<br>\nIl Consiglio Direttivo deve provvedere in ordine alle domande di ammissione entro 120 giorni dal loro ricevimento. <br>\nIn caso di diniego il Consiglio Direttivo \u00e8 tenuto ad esplicarne le motivazioni.<br>\nLa qualit\u00e0 si socio si perde per:<br>\nl) recesso<br>\n2) morosit\u00e0<br>\n3) indegnit\u00e0 accertata dal Consiglio Direttivo<br>\n\nL&#8217;esclusione \u00e8 deliberata dall&#8217;Assemblea su proposta del Consiglio Direttivo. Ha effetto dal trentesimo giorno successivo alla notifica del provvedimento che contiene le motivazioni e le modalit\u00e0 di replica\n\n\n<\/p><\/left>\n\n\n\n<div style=\"height:21px\" aria-hidden=\"true\" class=\"wp-block-spacer\"><\/div>\n\n\n\n<p class=\"has-text-align-center\"><strong>ARTICOLO 6<\/strong><\/p>\n\n\n\n<left><p><b>Organi dell\u2019associazione<\/b><br><br>Organi dell &#8216;Associazione\nGli organi dell&#8217;Associazione sono:<br>\nl&#8217;Assemblea Generale;<br>\nil Consiglio Direttivo;<br>\nIl Collegio dei Revisori dei Conti (facoltativo);<br>\nAi componenti dei suddetti organi non \u00e8 dovuto alcun compenso per l&#8217;attivit\u00e0 prestata.\n\n\n<\/p><\/left>\n\n\n\n<div style=\"height:21px\" aria-hidden=\"true\" class=\"wp-block-spacer\"><\/div>\n\n\n\n<p class=\"has-text-align-center\"><strong>ARTICOLO 7<\/strong><\/p>\n\n\n\n<left><p><b>Assemblea degli aderenti<\/b><br><br>L&#8217;Assemblea \u00e8 costituita da tutti gli aderenti alla Associazione ed \u00e8 l&#8217;organo sovrano\ndell&#8217;Associazione stessa;<br>\nEssa \u00e8 presieduta dal Presidente che la convoca in via ordinaria almeno una volta all&#8217;anno ed ogni qualvolta il Consiglio Direttivo lo ritenga necessario oppure su richiesta di almeno 1\/10 degli aderenti.<br>\nLa convocazione pu\u00f2 essere fatta mediante lettera raccomandata, mediante convocazione\nconsegnata a brevi manu o anche per il tramite di ausili telematici almeno otto giorni prima. <br> Deve contenere l&#8217;indicazione del luogo, del giorno e dell&#8217;ora della riunione, sia in prima che in seconda convocazione, nonch\u00e9 e i punti all&#8217;ordine del giorno .<br>\nLa seconda convocazione pu\u00f2 avvenire nello stesso giorno della prima. <br>\nEsso delibera<br>\n-sulla relazione annuale del Presidente dell&#8217;Associazione;<br>\n-sul bilancio consuntivo e preventivo dell&#8217;Associazione;<br>\n-sull&#8217; elezione del Presidente dell&#8217;Associazione e degli organi direttivi ed amministrativi;<br>\n-sull&#8217;ammontare della quota associativa;<br>\n-sulla nomina dei nuovi soci onorari proposti del Consiglio Direttivo;<br>\n-su proposte e argomenti vari indicati nell&#8217;ordine del giorno.<br>\nL&#8217;Assemblea straordinaria delibera:<br>\n-sulle modifiche dell&#8217;atto costitutivo e dello statuto;<br>\n-sullo scioglimento dell&#8217;associazione.<br>\nL&#8217;assemblea sia ordinaria che straordinaria \u00e8 validamente costituita in prima convocazione quando sia presente o rappresenta almeno la met\u00e0 pi\u00f9 uno degli aderenti e in seconda convocazione, qualunque sia il numero degli aderenti intervenuti o rappresentati.<br>\nLe deliberazioni dell&#8217;assemblea sono valide quando sono approvate dalla maggioranza dei presenti, fatta eccezione per:<br>\n&#8211; la deliberazione riguardante lo scioglimento dell&#8217;Associazione e la devoluzione del patrimonio residuo, che deve essere adottata con il voto favorevole di almeno tre quarti degli aderenti <br>\n&#8211; la deliberazione riguardante le modifiche statutarie che dovr\u00e0 essere adottata con la presenza del 2\/3 degli aderenti ed il voto favorevole della maggioranza dei presenti.<br>\nOgni aderente all&#8217;associazione ha diritto ad un voto, esercitatile anche mediante delega apposta in calce alla convocazione. La delega pu\u00f2 essere conferita solamente ad altro aderente all&#8217;Associazione. <br> Ciascun delegato non pu\u00f2 farsi portatore di pi\u00f9 di una delega.\n<\/p><\/left>\n\n\n\n<div style=\"height:21px\" aria-hidden=\"true\" class=\"wp-block-spacer\"><\/div>\n\n\n\n<p class=\"has-text-align-center\"><strong>ARTICOLO 8<\/strong><\/p>\n\n\n\n<left><p><b>Il Consiglio Direttivo<\/b><br><br>Il Consiglio Direttivo \u00e8 costituito da cinque a sette membri eletti dall&#8217;Assemblea Generale <br> Il Consiglio Direttivo \u00e8 eletto ogni cinque anni ed ogni membro uscente \u00e8 rieleggibile.<br>\nIl Consiglio Direttivo si riunisce entro 60 giorni dopo l&#8217;elezione ed elegge tra i propri membri il Presidente ed il Vice Presidente.<br>\nIl Consiglio direttivo pu\u00f2 nominare una persoina esterna a seguire la segreteria e gestire la funzione di Tesoriere <br>\nPer le successive riunioni il Consiglio Direttivo \u00e8 convocato con almeno quindici giorni di preavviso dal Presidente ogni qualvolta egli lo ritenga necessario o su richiesta scritta al Presidente di almeno due membri del Consiglio.<br>\nIl Consiglio Direttivo non pu\u00f2 deliberare se non sono presenti almeno la met\u00e0 dei suoi membri.<br>\nLe deliberazioni si assumono a maggioranza dei presenti, a parit\u00e0 di voti prevale il voto del Presidente.<br>\nIl membro del Direttivo che non partecipa senza giustificato motivo per tre volte consecutive alle riunioni del Consiglio stesso decade automaticamente dalla carica.<br>\nIn caso di posto vacante nel Consiglio Direttivo (per dimissioni, impedimento o qualsiasi altro motivo) subentra come membro il socio che nell&#8217;ultima tornata elettorale ha ottenuto il maggior numero dei voti tra i non eletti.\n\n<\/p><\/left>\n\n\n\n<div style=\"height:21px\" aria-hidden=\"true\" class=\"wp-block-spacer\"><\/div>\n\n\n\n<p class=\"has-text-align-center\"><strong>ARTICOLO 9<\/strong><\/p>\n\n\n\n<left><p><b>Compiti del Consiglio Direttivo<\/b><br><br>Il consiglio Direttivo si occupa di tutte le questioni riguardanti l&#8217;Associazione ed in particolare:<br>\na) sviluppa l&#8217;attivit\u00e0 dell&#8217;Associazione, esaminando proposte e promuovendo iniziative tendenti al\nconseguimento dei fini dell&#8217;Associazione;<br>\nb) amministra i beni dell&#8217;Associazione ed autorizza le spese;<br>\nc) promuove ed organizza le riunioni scientifiche;<br>\nd) propone nominativi dei soci quando sia previsto un rappresentante dell&#8217;Associazione presso Organismi nazionali od esteri<br>\ne) redige la relazione annuale sull&#8217;attivit\u00e0 svolta dall&#8217;Associazione ed il bilancio;<br>\nf) propone all&#8217;Assemblea il programma scientifico ed economico di attivit\u00e0 dell&#8217;Associazione per\nl&#8217;anno successivo;<br>\ng) accoglie le nuove adesioni;<br>\nh) propone all&#8217;Assemblea la nomina dei soci onorari indicandone le motivazioni;<br>\ni) propone all&#8217;Assemblea l&#8217;importo della quota annuale di associazione;<br>\nl) delibera all&#8217;assemblea l&#8217;esclusione dei soci secondo quanto previsto all&#8217;art. 5\n morosit\u00e0.<br>\n\n<\/p><\/left>\n\n\n\n<div style=\"height:21px\" aria-hidden=\"true\" class=\"wp-block-spacer\"><\/div>\n\n\n\n<p class=\"has-text-align-center\"><strong>ARTICOLO 10<\/strong><\/p>\n\n\n\n<left><p><b>Il Presidente<\/b><br><br>Il &nbsp;Presidente \u00e8 eletto dal Consiglio Direttivo fra i suoi membri e decade ad ogni rinnovo (5anni) del\nConsiglio e pu\u00f2 essere immediatamente rieletto. <br> Il Presidente rappresenta l&#8217;Associazione, dispone della firma dell&#8217;Associazione, convoca almeno due volte all&#8217;anno il Consiglio Direttivo e lo presiede; presiede l&#8217;Assemblea Generale; promuove l&#8217;attuazione delle delibere dell&#8217;Assemblea Generale e del Consiglio Direttivo e, previa consultazione dei membri del Consiglio Direttivo e salvo successiva ratifica da parte del Consiglio stesso, decide dei provvedimenti urgenti.<br>\nIl Presidente pu\u00f2 delegare un membro del Consiglio Direttivo a sostituirlo per singoli atti.\n\n<\/p><\/left>\n\n\n\n<div style=\"height:21px\" aria-hidden=\"true\" class=\"wp-block-spacer\"><\/div>\n\n\n\n<p class=\"has-text-align-center\"><strong>ARTICOLO 11<\/strong><\/p>\n\n\n\n<left><p><b>Il Segretario tesoriere<\/b><br><br>Il Segretario-Tesoriere \u00e8 nominato dal Consiglio Direttivo tra i suoi membri (o secondo quanto previsto all&#8217;art. 8) ad ogni rinnovo del Consiglio e pu\u00f2 essere rieletto. <br>\nIl Segretario-Tesoriere coadiuva il Presidente nell&#8217;organizzazione dell&#8217;attivit\u00e0 dell&#8217;Associazione, provvede a redigere i verbali delle riunioni del Consiglio Direttivo ed a sottoporli alla sua approvazione nella seduta successiva, provvede a redigere i verbali dell&#8217;Assemblea Generale, tiene la corrispondenza ordinaria con i soci.<br>\nIl Segretario-Tesoriere \u00e8 il consegnatario dei beni dell&#8217;Associazione e dell&#8217;Archivio dei documenti contabili, tiene l&#8217;elenco aggiornato dei Soci , provvede a ricevere le quote di associazione, prepara il bilancio consuntivo annuale e lo presenta, con i documenti contabili relativi, al Consiglio Direttivo.<br>\nIl Segretario-Tesoriere, su indicazione del Consiglio Direttivo, prepara il bilancio preventivo annuale e lo sottopone all&#8217;esame del Collegio dei Revisori dei Conti\n<\/p><\/left>\n\n\n\n<div style=\"height:21px\" aria-hidden=\"true\" class=\"wp-block-spacer\"><\/div>\n\n\n\n<p class=\"has-text-align-center\"><strong>ARTICOLO 12<\/strong><\/p>\n\n\n\n<left><p><b>Il Collegio dei Revisori dei Conti<\/b><br><br>Il Collegio dei Revisori dei Conti \u00e8 costituito da uno a tre membri eletti tra i soci dall&#8217;Assemblea\ngenerale; i membri del Collegio durano in carica cinque anni e sono rieleggibili.<br>\nIl Collegio dei Revisori dei Conti controlla la regolarit\u00e0 degli atti amministrativi dell&#8217;Associazione, esprime parere sul bilancio preventivo preparato dal Segretario-Tesoriere e sul rendiconto finanziario predisposto dal Consiglio Direttivo.\n<\/p><\/left>\n\n\n\n<div style=\"height:21px\" aria-hidden=\"true\" class=\"wp-block-spacer\"><\/div>\n\n\n\n<p class=\"has-text-align-center\"><strong>ARTICOLO 13<\/strong><\/p>\n\n\n\n<left><p><b>Finanziamento dell &#8216;attivit\u00e0<\/b><br><br>L&#8217;Associazione provvede al finanziamento delle proprie attivit\u00e0:<br>\n&#8211; con le quote pagate dai soci;<br>\n&#8211; con i contributi dei soci sostenitori;<br>\n&#8211; con le rendite del patrimonio;<br>\n&#8211; con eventuali lasciti e donazioni ed ogni altro provento destinato ali&#8217; attivit\u00e0;<br>\n&#8211; con i contributi di Enti, Organizzazioni, Aziende, sia pubblici che privati.<br><br>\nIl Fondo Patrimoniale \u00e8 costituito da:<br>\n&#8211; i beni mobili ed immobili di propriet\u00e0 dell&#8217;Associazione;<br>\n&#8211; eventuali lasciti e donazioni esplicitamente destinati ad incremento del patrimonio;<br>\n&#8211; eventuali residui attivi di precedenti esercizi esplicitamente destinati al patrimonio.<br>\nIl fondo comune costituito con le risorse di cui al comma precedente non pu\u00f2 essere ripartito fra i\nsoci n\u00e9 durante la vita dell&#8217;Associazione, n\u00e9 all&#8217;atto del suo scioglimento.\n\n<\/p><\/left>\n\n\n\n<div style=\"height:21px\" aria-hidden=\"true\" class=\"wp-block-spacer\"><\/div>\n\n\n\n<p class=\"has-text-align-center\"><strong>ARTICOLO 14<\/strong><\/p>\n\n\n\n<left><p><b>Modifiche allo Statuto<\/b><br><br>Le modifiche allo Statuto sono proposte dal Consiglio Direttivo o da un decimo dei soci. <br> Le\nproposte di tali modifiche devono essere trasmesse per iscritto a ciascun socio assieme alla\nconvocazione dell&#8217;Assemblea Generale o assieme alla richiesta di referendum. <br>Le modifiche\ndevono essere approvate dall&#8217; Assemblea Generale sei soci oppure per referendum con almeno due terzi di voti favorevoli rispetto al numero complessivo dei soci aventi diritto al voto.<br>\nNel caso in cui la delibera non possa aver luogo per insufficienza del numero delle persone o delle\nrisposte, il Consiglio Direttivo indice &#8211; entro trenta giorni -un&#8217;altra Assemblea Straordinaria di\nseconda convocazione la quale pu\u00f2 deliberare sulle modifiche dello Statuto a maggioranza dei\npresenti.\n\n\n<\/p><\/left>\n\n\n\n<div style=\"height:21px\" aria-hidden=\"true\" class=\"wp-block-spacer\"><\/div>\n\n\n\n<p class=\"has-text-align-center\"><strong>ARTICOLO 15<\/strong><\/p>\n\n\n\n<left><p><b>Regolamento di attuazione<\/b><br><br>Un regolamento per l&#8217;attuazione delle norme del presente Statuto pu\u00f2 essere elaborato dal Consiglio\nDirettivo e sottoposto all&#8217;approvazione dell&#8217;Assemblea Generale dei Soci. Il Regolamento pu\u00f2\nessere modificato dall&#8217; Assemblea Generale su proposta del Consiglio Direttivo o di un decimo dei soci.\n\n\n<\/p><\/left>\n\n\n\n<div style=\"height:21px\" aria-hidden=\"true\" class=\"wp-block-spacer\"><\/div>\n\n\n\n<p class=\"has-text-align-center\"><strong>ARTICOLO 16<\/strong><\/p>\n\n\n\n<left><p><b>Scioglimento dell\u2019Associazione<\/b><br><br>L&#8217;Associazione pu\u00f2 essere sciolta dall&#8217; Assemblea Generale con voto favorevole dei tre quarti dei soci.<br>\nA seguito dello scioglimento dell&#8217;associazione l&#8217;assemblea nomina un liquidatore del patrimonio\nresiduo, sentito l&#8217;organismo di controllo di cui all&#8217;art. 4 comma 190 della Legge 23\/12\/1996 n\u00b0 662\nsalvo diversa destinazione imposta dalla Legge va devoluto ad analoga associazione con gli stessi\nfini.\n\n<\/p><\/left>\n\n\n\n<p class=\"has-text-align-center\">________________________________________________________________________________<\/p>\n\n\n\n<p class=\"has-text-align-center\">Organi dell&#8217;associazione : Assemblea Generale &#8211; Consiglio direttivo &#8211; Revisore dei conti<\/p>\n","protected":false},"excerpt":{"rendered":"<p>STATUTO DELL&#8217;ASSOCIAZIONE &#8220;SOCIETA&#8217; ITALIANA LABORATORI PEDOLOGICI E AGROCHIMICI&#8221; ( S.I.L.P.A.) ARTICOLO l Denominazione e sede E\u2019 costituita l\u2019Associazione Scientifica denominata \u201cSociet\u00e0 Italiana Laboratori Pedologici e&#8230;<\/p>\n<div class=\"more-link-wrapper\"><a class=\"more-link\" href=\"https:\/\/silpalab.it\/?page_id=16\">Continua a leggere<span class=\"screen-reader-text\"><\/span><\/a><\/div>\n","protected":false},"author":1,"featured_media":0,"parent":0,"menu_order":3,"comment_status":"closed","ping_status":"closed","template":"","meta":{"footnotes":""},"class_list":["post-16","page","type-page","status-publish","hentry","entry"],"_links":{"self":[{"href":"https:\/\/silpalab.it\/index.php?rest_route=\/wp\/v2\/pages\/16","targetHints":{"allow":["GET"]}}],"collection":[{"href":"https:\/\/silpalab.it\/index.php?rest_route=\/wp\/v2\/pages"}],"about":[{"href":"https:\/\/silpalab.it\/index.php?rest_route=\/wp\/v2\/types\/page"}],"author":[{"embeddable":true,"href":"https:\/\/silpalab.it\/index.php?rest_route=\/wp\/v2\/users\/1"}],"replies":[{"embeddable":true,"href":"https:\/\/silpalab.it\/index.php?rest_route=%2Fwp%2Fv2%2Fcomments&post=16"}],"version-history":[{"count":9,"href":"https:\/\/silpalab.it\/index.php?rest_route=\/wp\/v2\/pages\/16\/revisions"}],"predecessor-version":[{"id":213,"href":"https:\/\/silpalab.it\/index.php?rest_route=\/wp\/v2\/pages\/16\/revisions\/213"}],"wp:attachment":[{"href":"https:\/\/silpalab.it\/index.php?rest_route=%2Fwp%2Fv2%2Fmedia&parent=16"}],"curies":[{"name":"wp","href":"https:\/\/api.w.org\/{rel}","templated":true}]}}