{"id":20,"date":"2022-12-12T18:15:59","date_gmt":"2022-12-12T18:15:59","guid":{"rendered":"https:\/\/silpalab.it\/?page_id=20"},"modified":"2025-06-11T06:06:53","modified_gmt":"2025-06-11T06:06:53","slug":"ring-test","status":"publish","type":"page","link":"https:\/\/silpalab.it\/?page_id=20","title":{"rendered":"Ring Test"},"content":{"rendered":"\n<p><\/p>\n\n\n\n<h2 class=\"wp-block-heading\">Ring Test Terreni<\/h2>\n\n\n\n<h5 class=\"wp-block-heading\"><a href=\"http:\/\/www.silpalab.it\/ringtest\/login.php\"><strong>Inserimento risultati \u00bb<\/strong><\/a><\/h5>\n\n\n\n<hr class=\"wp-block-separator has-alpha-channel-opacity\"\/>\n\n\n\n<p>Documenti<\/p>\n\n\n\n<p><a href=\"https:\/\/silpalab.it\/wp-content\/uploads\/2025\/06\/RING%20TEST%20TERRENI%20silpa%20rev%202%200625.pdf\">RING TEST TERRENI silpa rev 2 0625<\/a><\/p>\n\n\n\n<p><a href=\"https:\/\/tinyurl.com\/4wy38z8d\">Istruzioni inserimento dati rev 1 0724<\/a><\/p>\n\n\n\n<p><a href=\"https:\/\/tinyurl.com\/yc43uw3a\">Tab 1 Codifica metodi rev 0 0524<\/a><\/p>\n\n\n\n<p><a href=\"https:\/\/silpalab.it\/wp-content\/uploads\/2025\/06\/Tab%202%20Formato%20risultati%20rev%202%200625.pdf\">Tab 2 Formato risultati rev 2 0625<\/a><\/p>\n\n\n\n<p>Le prove valutative di confronto interlaboratorio \u201cRing test\u201d sono alla base della valutazione della riproducibilit\u00e0 delle prove di laboratorio.<\/p>\n\n\n\n<p>La SILPA (Societ\u00e0 Italiana dei Laboratori Pedologici e&nbsp; Agrochimici) avendo posto subito fra i suoi obiettivi prioritari la qualit\u00e0 dei risultati delle analisi attraverso la confrontabilit\u00e0 dei risultati e l\u2019omogeneit\u00e0 dei metodi utilizzati,&nbsp; ha promosso fra il 1989 ed il 1990 i primi scambi di campioni di suolo tra i laboratori associati.<\/p>\n\n\n\n<p>Successivamente simili iniziative si sono ripetute in maniera sporadica, e dal 1994 la SILPA ha deciso di consolidare l\u2019organizzazione dei ring-test per le analisi del terreno attraverso un sistematico invio di campioni seguito dalla raccolta e dall\u2019elaborazione finale dei risultati.<\/p>\n\n\n\n<p>Dopo i primi due anni di sperimentazione in cui sono stati analizzati uno e tre campioni rispettivamente nel 1994 e 95, il ring test ha assunto una precisa fisionomia, con l\u2019invio di 8 campioni annuali di terreno a tutti i laboratori associati.<\/p>\n\n\n\n<p>I campioni sono preparati dal laboratorio&nbsp; di Ravenna dell\u2019ARPAE Emilia Romagna, utilizzando tutte le procedure&nbsp; e apparecchiature necessarie per ottenere sottocampioni omogenei, condizione necessaria per garantire al ring-test caratteristiche di affidabilit\u00e0 e confrontabilit\u00e0.<\/p>\n\n\n\n<hr class=\"wp-block-separator has-alpha-channel-opacity\"\/>\n\n\n\n<p>Per aderire al ring test terreni, si prega contattare la Segreteria:<\/p>\n\n\n\n<p>SEGRETERIA: c\/o ARPAE-RA Specializzazione Chimica Agraria<br>Via Marconi, 14&nbsp; &#8211; 48124 RAVENNA<br>Telefono 379 2725019 &#8211; Email: &nbsp;<a href=\"mailto:laboratorisilpa@gmail.com\" target=\"_blank\" rel=\"noreferrer noopener\">laboratorisilpa@gmail.com<\/a>&nbsp;<\/p>\n\n\n\n<hr class=\"wp-block-separator has-alpha-channel-opacity\"\/>\n\n\n\n<p>per approfondire questo argomento \u00e8 possibile scaricare il testo .pdf:<\/p>\n\n\n\n<p><a href=\"http:\/\/www.silpalab.it\/wp-content\/uploads\/2009\/09\/resortest94991.pdf\">RIPRODUCIBILIT\u00c0 DEI RISULTATI DELLE ANALISI DEL TERRENO NEI LABORATORI ITALIANI<\/a><br>I RISULTATI DEL CONFRONTO INTERLABORATORIO GESTITO DALLA SOCIET\u00c0 ITALIANA DEI LABORATORI PUBBLICI AGROCHIMICI<br>di Paolo Giandon &#8211; ARPAV Centro Agroambientale, Segretario SILPA dal 1994 al 2000<\/p>\n","protected":false},"excerpt":{"rendered":"<p>Ring Test Terreni Inserimento risultati \u00bb Documenti RING TEST TERRENI silpa rev 2 0625 Istruzioni inserimento dati rev 1 0724 Tab 1 Codifica metodi rev&#8230;<\/p>\n<div class=\"more-link-wrapper\"><a class=\"more-link\" href=\"https:\/\/silpalab.it\/?page_id=20\">Continua a leggere<span class=\"screen-reader-text\">Ring Test<\/span><\/a><\/div>\n","protected":false},"author":1,"featured_media":0,"parent":0,"menu_order":5,"comment_status":"closed","ping_status":"closed","template":"","meta":{"footnotes":""},"class_list":["post-20","page","type-page","status-publish","hentry","entry"],"_links":{"self":[{"href":"https:\/\/silpalab.it\/index.php?rest_route=\/wp\/v2\/pages\/20","targetHints":{"allow":["GET"]}}],"collection":[{"href":"https:\/\/silpalab.it\/index.php?rest_route=\/wp\/v2\/pages"}],"about":[{"href":"https:\/\/silpalab.it\/index.php?rest_route=\/wp\/v2\/types\/page"}],"author":[{"embeddable":true,"href":"https:\/\/silpalab.it\/index.php?rest_route=\/wp\/v2\/users\/1"}],"replies":[{"embeddable":true,"href":"https:\/\/silpalab.it\/index.php?rest_route=%2Fwp%2Fv2%2Fcomments&post=20"}],"version-history":[{"count":11,"href":"https:\/\/silpalab.it\/index.php?rest_route=\/wp\/v2\/pages\/20\/revisions"}],"predecessor-version":[{"id":305,"href":"https:\/\/silpalab.it\/index.php?rest_route=\/wp\/v2\/pages\/20\/revisions\/305"}],"wp:attachment":[{"href":"https:\/\/silpalab.it\/index.php?rest_route=%2Fwp%2Fv2%2Fmedia&parent=20"}],"curies":[{"name":"wp","href":"https:\/\/api.w.org\/{rel}","templated":true}]}}